{"id":2,"date":"2025-11-04T17:25:24","date_gmt":"2025-11-04T17:25:24","guid":{"rendered":"http:\/\/lena-lettere.de\/?page_id=2"},"modified":"2025-11-08T18:25:08","modified_gmt":"2025-11-08T18:25:08","slug":"sample-page","status":"publish","type":"page","link":"https:\/\/lena-lettere.de\/index.php\/sample-page\/","title":{"rendered":"\u00dcber mich"},"content":{"rendered":"\n<p>Hi, sch\u00f6n, dass du auf meiner Seite gelandet bist. <\/p>\n\n\n\n<p>Ich bin Lena, ich habe vor ca. 20 Jahren Literatur und Sprachen studiert und befasse mich in den letzten 15 Jahren vor allem mit zeitgen\u00f6ssischen Romanen. Die Themen sind dabei weit gefasst und reichen von Migration \u00fcber Geschichtliches bis hin zu feministischen oder popkulturellen Themen. <\/p>\n\n\n\n<p>Um mich gedanklich mit anderen Leser*innen auszutauschen, bin ich vor ca. 2 Jahren einem kleinen Buchclub beigetreten, in dem wir uns einmal monatlich \u00fcber verschiedene Romane austauschen.<\/p>\n\n\n\n<p>Da ich mich neben den B\u00fcchern, die wir im Rahmen des Clubs lesen, mit vielen weiteren Romanen befasse, m\u00f6chte ich diesen Blog nutzen, um auch jene B\u00fccher zu besprechen und mich \u00fcber sie auszutauschen. <\/p>\n\n\n\n<p>Ich freue mich zudem \u00fcber Leseempfehlungen und Anregungen f\u00fcr den Blog.<\/p>\n\n\n\n<p>Herzlich<\/p>\n\n\n\n<p>Lena<br><\/p>\n\n\n\n<figure class=\"wp-block-image size-large\"><img loading=\"lazy\" decoding=\"async\" width=\"1737\" height=\"1737\" src=\"https:\/\/lena-lettere.de\/wp-content\/uploads\/2025\/11\/20210928_073650-1-edited-rotated.jpg\" alt=\"\" class=\"wp-image-30\" srcset=\"https:\/\/lena-lettere.de\/wp-content\/uploads\/2025\/11\/20210928_073650-1-edited-rotated.jpg 1737w, https:\/\/lena-lettere.de\/wp-content\/uploads\/2025\/11\/20210928_073650-1-edited-300x300.jpg 300w, https:\/\/lena-lettere.de\/wp-content\/uploads\/2025\/11\/20210928_073650-1-edited-1024x1024.jpg 1024w, https:\/\/lena-lettere.de\/wp-content\/uploads\/2025\/11\/20210928_073650-1-edited-150x150.jpg 150w, https:\/\/lena-lettere.de\/wp-content\/uploads\/2025\/11\/20210928_073650-1-edited-768x768.jpg 768w, https:\/\/lena-lettere.de\/wp-content\/uploads\/2025\/11\/20210928_073650-1-edited-1536x1536.jpg 1536w, https:\/\/lena-lettere.de\/wp-content\/uploads\/2025\/11\/20210928_073650-1-edited-100x100.jpg 100w\" sizes=\"auto, (max-width: 1737px) 100vw, 1737px\" \/><\/figure>\n","protected":false},"excerpt":{"rendered":"<p>Hi, sch\u00f6n, dass du auf meiner Seite gelandet bist. Ich bin Lena, ich habe vor ca. 20 Jahren Literatur und Sprachen studiert und befasse mich in den letzten 15 Jahren vor allem mit zeitgen\u00f6ssischen Romanen. Die Themen sind dabei weit gefasst und reichen von Migration \u00fcber Geschichtliches bis hin zu feministischen oder popkulturellen Themen. Um [&hellip;]<\/p>\n","protected":false},"author":1,"featured_media":0,"parent":0,"menu_order":0,"comment_status":"closed","ping_status":"open","template":"","meta":{"footnotes":""},"class_list":["post-2","page","type-page","status-publish","hentry"],"_links":{"self":[{"href":"https:\/\/lena-lettere.de\/index.php\/wp-json\/wp\/v2\/pages\/2","targetHints":{"allow":["GET"]}}],"collection":[{"href":"https:\/\/lena-lettere.de\/index.php\/wp-json\/wp\/v2\/pages"}],"about":[{"href":"https:\/\/lena-lettere.de\/index.php\/wp-json\/wp\/v2\/types\/page"}],"author":[{"embeddable":true,"href":"https:\/\/lena-lettere.de\/index.php\/wp-json\/wp\/v2\/users\/1"}],"replies":[{"embeddable":true,"href":"https:\/\/lena-lettere.de\/index.php\/wp-json\/wp\/v2\/comments?post=2"}],"version-history":[{"count":4,"href":"https:\/\/lena-lettere.de\/index.php\/wp-json\/wp\/v2\/pages\/2\/revisions"}],"predecessor-version":[{"id":31,"href":"https:\/\/lena-lettere.de\/index.php\/wp-json\/wp\/v2\/pages\/2\/revisions\/31"}],"wp:attachment":[{"href":"https:\/\/lena-lettere.de\/index.php\/wp-json\/wp\/v2\/media?parent=2"}],"curies":[{"name":"wp","href":"https:\/\/api.w.org\/{rel}","templated":true}]}}